{"id":211426,"date":"2026-03-22T12:50:51","date_gmt":"2026-03-22T05:50:51","guid":{"rendered":"https:\/\/loftrunway.com\/product\/preschool-air-jordan-1-mid-shattered-backboard"},"modified":"2026-04-03T20:56:42","modified_gmt":"2026-04-03T13:56:42","slug":"preschool-air-jordan-1-mid-shattered-backboard","status":"publish","type":"product","link":"https:\/\/loftrunway.com\/it\/products\/preschool-air-jordan-1-mid-shattered-backboard\/","title":{"rendered":"(Preschool) Air Jordan 1 Mid &#8216;Shattered Backboard&#8217;"},"content":{"rendered":"<p>Con le Air Jordan 1 Mid &#8220;Shattered Backboard&#8221; (640734-058) per bambini in et\u00e0 prescolare, lo stile del tuo bambino non passer\u00e0 inosservato. Ispirate al leggendario momento in cui il tabellone si \u00e8 frantumato, queste iconiche sneakers presentano vivaci colori arancione, nero e bianco. Realizzate in pelle di alta qualit\u00e0, offrono ai bambini attivi comfort e resistenza ottimali. Il design a taglio medio garantisce un eccellente supporto alla caviglia, rendendole perfette per qualsiasi avventura quotidiana. Lascia che il tuo bambino in et\u00e0 prescolare spicchi il volo con l&#8217;intramontabile stile Jordan e una sicurezza senza pari. Dai alle tue sneakers quel tocco in pi\u00f9<\/p>\n<ul>\n<li><strong>Combinazione di colori:<\/strong> Nero\/Stella marina-Stella marina-bianco<\/li>\n<li><strong>Codice articolo:<\/strong> 640734-058<\/li>\n<li><strong>Materiale della tomaia:<\/strong> Pelle<\/li>\n<li><strong>Intersuola:<\/strong> Air<\/li>\n<li><strong>Colore:<\/strong> Nero<\/li>\n<li><strong>Designer:<\/strong> Peter Moore<\/li>\n<li><strong>Stagione:<\/strong> Tutto l&#8217;anno<\/li>\n<li><strong>Anno di uscita:<\/strong> 2019<\/li>\n<\/ul>\n","protected":false},"excerpt":{"rendered":"<p>Con le Air Jordan 1 Mid &#8220;Shattered Backboard&#8221; (640734-058) per bambini in et\u00e0 prescolare, lo stile del tuo bambino non passer\u00e0 inosservato. Ispirate al leggendario momento in cui il tabellone si \u00e8 frantumato, queste iconiche sneakers presentano vivaci colori arancione, nero e bianco. Realizzate in pelle di alta qualit\u00e0, offrono ai bambini attivi comfort e [&hellip;]<\/p>\n","protected":false},"featured_media":211427,"comment_status":"open","ping_status":"closed","template":"","meta":[],"product_brand":[],"product_cat":[11390],"product_tag":[38839],"class_list":{"0":"post-211426","1":"product","2":"type-product","3":"status-publish","4":"has-post-thumbnail","6":"product_cat-air-jordan-women","7":"product_tag-instockold","8":"wcpa_has_options","10":"first","11":"instock","12":"taxable","13":"shipping-taxable","14":"purchasable","15":"product-type-simple"},"wcpa_form_fields":{"rules":{"pric_overide_base_price":false,"pric_overide_base_price_if_gt_zero":false,"pric_overide_base_price_fully":false,"pric_cal_option_once":false,"pric_use_as_fee":false,"bind_quantity":false,"quantity_bind_formula":false},"fields":[{"type":"color-group","required":true,"elementId":"wcpa-color-group-66c4a75505e74","label":"Taglia - EU Taglia","inline":true,"priceOptions":"different_for_all","pricingType":"fixed","className":"hassizechart product-shoes-size-eu product-shoes-size","name":"color-group-66c4a75505e89","disp_type":"square","selection_type":"tick-border","disp_size":"44","show_label_inside":true,"adjust_width":true,"cart_display_type":"text","other_text":"Other","cl_rule":"show","col":6,"values":[{"label":"35.5","value":"EU 35.5","price":"","pimage":"","pimage_id":"","pthumb":"","color":""},{"label":"36","value":"EU 36","price":"","pimage":"","pimage_id":"","pthumb":"","color":"","selected":true},{"label":"36.5","value":"EU 36.5","price":"","pimage":"","pimage_id":"","pthumb":"","color":""},{"label":"37.5","value":"EU 37.5","price":"","pimage":"","pimage_id":"","pthumb":"","color":""},{"label":"38","value":"EU 38","price":"","pimage":"","pimage_id":"","pthumb":"","color":""},{"label":"38.5","value":"EU 38.5","price":"","pimage":"","pimage_id":"","pthumb":"","color":""},{"label":"39","value":"EU 39","price":"","pimage":"","pimage_id":"","pthumb":"","color":""},{"label":"40","value":"EU 40","price":"","pimage":"","pimage_id":"","pthumb":"","color":""},{"label":"40.5","value":"EU 40.5","price":"","pimage":"","pimage_id":"","pthumb":"","color":""},{"label":"41","value":"EU 41","price":"","pimage":"","pimage_id":"","pthumb":"","color":""},{"label":"42","value":"EU 42","price":"","pimage":"","pimage_id":"","pthumb":"","color":""},{"label":"42.5","value":"EU 42.5","price":"","pimage":"","pimage_id":"","pthumb":"","color":""},{"label":"43","value":"EU 43","price":"","pimage":"","pimage_id":"","pthumb":"","color":""},{"label":"44","value":"EU 44","price":"","pimage":"","pimage_id":"","pthumb":"","color":""},{"label":"44.5","value":"EU 44.5","price":"","pimage":"","pimage_id":"","pthumb":"","color":""},{"label":"45","value":"EU 45","price":"","pimage":"","pimage_id":"","pthumb":"","color":""},{"label":"45.5","value":"EU 45.5","price":"","pimage":"","pimage_id":"","pthumb":"","color":""},{"label":"46","value":"EU 46","price":"","pimage":"","pimage_id":"","pthumb":"","color":""},{"label":"47","value":"EU 47","price":"","pimage":"","pimage_id":"","pthumb":"","color":""},{"label":"47.5","value":"EU 47.5","price":"","pimage":"","pimage_id":"","pthumb":"","color":""},{"label":"48","value":"EU 48","price":"","pimage":"","pimage_id":"","pthumb":"","color":""}],"relations":[{"operator":false,"rules":[]}],"form_id":18106,"form_rules":{"pric_cal_option_once":false,"exclude_from_discount":false,"pric_use_as_fee":false,"fee_label":"Fee","render_after_acb":false,"disp_hide_options_price":false}}]},"yoast_head":"<!-- This site is optimized with the Yoast SEO plugin v26.5 - https:\/\/yoast.com\/wordpress\/plugins\/seo\/ -->\n<title>(Preschool) Air Jordan 1 Mid &#039;Shattered Backboard&#039; - Loftrunway<\/title>\n<meta name=\"robots\" content=\"index, follow, max-snippet:-1, max-image-preview:large, max-video-preview:-1\" \/>\n<link rel=\"canonical\" href=\"https:\/\/loftrunway.com\/it\/products\/preschool-air-jordan-1-mid-shattered-backboard\/\" \/>\n<meta property=\"og:locale\" content=\"it_IT\" \/>\n<meta property=\"og:type\" content=\"article\" \/>\n<meta property=\"og:title\" content=\"(Preschool) Air Jordan 1 Mid &#039;Shattered Backboard&#039; - Loftrunway\" \/>\n<meta property=\"og:description\" content=\"Con le Air Jordan 1 Mid &#8220;Shattered Backboard&#8221; (640734-058) per bambini in et\u00e0 prescolare, lo stile del tuo bambino non passer\u00e0 inosservato. Ispirate al leggendario momento in cui il tabellone si \u00e8 frantumato, queste iconiche sneakers presentano vivaci colori arancione, nero e bianco. Realizzate in pelle di alta qualit\u00e0, offrono ai bambini attivi comfort e [&hellip;]\" \/>\n<meta property=\"og:url\" content=\"https:\/\/loftrunway.com\/it\/products\/preschool-air-jordan-1-mid-shattered-backboard\/\" \/>\n<meta property=\"og:site_name\" content=\"loftRUN Sneaker Store\" \/>\n<meta property=\"article:modified_time\" content=\"2026-04-03T13:56:42+00:00\" \/>\n<meta name=\"twitter:card\" content=\"summary_large_image\" \/>\n<meta name=\"twitter:image\" content=\"https:\/\/images.novelship.com\/product\/_preschool__air_jordan_1_mid__shattered_backboard__0_91638.jpeg\" \/>\n<meta name=\"twitter:label1\" content=\"Tempo di lettura stimato\" \/>\n\t<meta name=\"twitter:data1\" content=\"1 minuto\" \/>\n<script type=\"application\/ld+json\" class=\"yoast-schema-graph\">{\"@context\":\"https:\/\/schema.org\",\"@graph\":[{\"@type\":\"WebPage\",\"@id\":\"https:\/\/loftrunway.com\/it\/products\/preschool-air-jordan-1-mid-shattered-backboard\/\",\"url\":\"https:\/\/loftrunway.com\/it\/products\/preschool-air-jordan-1-mid-shattered-backboard\/\",\"name\":\"(Preschool) Air Jordan 1 Mid 'Shattered Backboard' - Loftrunway\",\"isPartOf\":{\"@id\":\"https:\/\/loftrunway.com\/it\/#website\"},\"primaryImageOfPage\":{\"@id\":\"https:\/\/loftrunway.com\/it\/products\/preschool-air-jordan-1-mid-shattered-backboard\/#primaryimage\"},\"image\":{\"@id\":\"https:\/\/loftrunway.com\/it\/products\/preschool-air-jordan-1-mid-shattered-backboard\/#primaryimage\"},\"thumbnailUrl\":\"https:\/\/images.novelship.com\/product\/_preschool__air_jordan_1_mid__shattered_backboard__0_91638.jpeg\",\"datePublished\":\"2026-03-22T05:50:51+00:00\",\"dateModified\":\"2026-04-03T13:56:42+00:00\",\"breadcrumb\":{\"@id\":\"https:\/\/loftrunway.com\/it\/products\/preschool-air-jordan-1-mid-shattered-backboard\/#breadcrumb\"},\"inLanguage\":\"it-IT\",\"potentialAction\":[{\"@type\":\"ReadAction\",\"target\":[\"https:\/\/loftrunway.com\/it\/products\/preschool-air-jordan-1-mid-shattered-backboard\/\"]}]},{\"@type\":\"ImageObject\",\"inLanguage\":\"it-IT\",\"@id\":\"https:\/\/loftrunway.com\/it\/products\/preschool-air-jordan-1-mid-shattered-backboard\/#primaryimage\",\"url\":\"https:\/\/images.novelship.com\/product\/_preschool__air_jordan_1_mid__shattered_backboard__0_91638.jpeg\",\"contentUrl\":\"https:\/\/images.novelship.com\/product\/_preschool__air_jordan_1_mid__shattered_backboard__0_91638.jpeg\"},{\"@type\":\"BreadcrumbList\",\"@id\":\"https:\/\/loftrunway.com\/it\/products\/preschool-air-jordan-1-mid-shattered-backboard\/#breadcrumb\",\"itemListElement\":[{\"@type\":\"ListItem\",\"position\":1,\"name\":\"Home\",\"item\":\"https:\/\/loftrunway.com\/it\/\"},{\"@type\":\"ListItem\",\"position\":2,\"name\":\"Shop\",\"item\":\"https:\/\/itisrainvintage.com\/it\/shop\/\"},{\"@type\":\"ListItem\",\"position\":3,\"name\":\"(Preschool) Air Jordan 1 Mid 'Shattered Backboard'\"}]},{\"@type\":\"WebSite\",\"@id\":\"https:\/\/loftrunway.com\/it\/#website\",\"url\":\"https:\/\/loftrunway.com\/it\/\",\"name\":\"Styloral Jewelry Shop\",\"description\":\"Der Ort, an dem man alle Arten von Sneakern findet\",\"publisher\":{\"@id\":\"https:\/\/loftrunway.com\/it\/#organization\"},\"potentialAction\":[{\"@type\":\"SearchAction\",\"target\":{\"@type\":\"EntryPoint\",\"urlTemplate\":\"https:\/\/loftrunway.com\/it\/?s={search_term_string}\"},\"query-input\":{\"@type\":\"PropertyValueSpecification\",\"valueRequired\":true,\"valueName\":\"search_term_string\"}}],\"inLanguage\":\"it-IT\"},{\"@type\":\"Organization\",\"@id\":\"https:\/\/loftrunway.com\/it\/#organization\",\"name\":\"STYLORAL PTE. LTD\",\"url\":\"https:\/\/loftrunway.com\/it\/\",\"logo\":{\"@type\":\"ImageObject\",\"inLanguage\":\"it-IT\",\"@id\":\"https:\/\/loftrunway.com\/it\/#\/schema\/logo\/image\/\",\"url\":\"https:\/\/www.loftrunway.com\/wp-content\/uploads\/2025\/12\/logo.png\",\"contentUrl\":\"https:\/\/www.loftrunway.com\/wp-content\/uploads\/2025\/12\/logo.png\",\"width\":200,\"height\":65,\"caption\":\"STYLORAL PTE. LTD\"},\"image\":{\"@id\":\"https:\/\/loftrunway.com\/it\/#\/schema\/logo\/image\/\"}}]}<\/script>\n<!-- \/ Yoast SEO plugin. -->","yoast_head_json":{"title":"(Preschool) Air Jordan 1 Mid 'Shattered Backboard' - Loftrunway","robots":{"index":"index","follow":"follow","max-snippet":"max-snippet:-1","max-image-preview":"max-image-preview:large","max-video-preview":"max-video-preview:-1"},"canonical":"https:\/\/loftrunway.com\/it\/products\/preschool-air-jordan-1-mid-shattered-backboard\/","og_locale":"it_IT","og_type":"article","og_title":"(Preschool) Air Jordan 1 Mid 'Shattered Backboard' - Loftrunway","og_description":"Con le Air Jordan 1 Mid &#8220;Shattered Backboard&#8221; (640734-058) per bambini in et\u00e0 prescolare, lo stile del tuo bambino non passer\u00e0 inosservato. Ispirate al leggendario momento in cui il tabellone si \u00e8 frantumato, queste iconiche sneakers presentano vivaci colori arancione, nero e bianco. Realizzate in pelle di alta qualit\u00e0, offrono ai bambini attivi comfort e [&hellip;]","og_url":"https:\/\/loftrunway.com\/it\/products\/preschool-air-jordan-1-mid-shattered-backboard\/","og_site_name":"loftRUN Sneaker Store","article_modified_time":"2026-04-03T13:56:42+00:00","twitter_card":"summary_large_image","twitter_image":"https:\/\/images.novelship.com\/product\/_preschool__air_jordan_1_mid__shattered_backboard__0_91638.jpeg","twitter_misc":{"Tempo di lettura stimato":"1 minuto"},"schema":{"@context":"https:\/\/schema.org","@graph":[{"@type":"WebPage","@id":"https:\/\/loftrunway.com\/it\/products\/preschool-air-jordan-1-mid-shattered-backboard\/","url":"https:\/\/loftrunway.com\/it\/products\/preschool-air-jordan-1-mid-shattered-backboard\/","name":"(Preschool) Air Jordan 1 Mid 'Shattered Backboard' - Loftrunway","isPartOf":{"@id":"https:\/\/loftrunway.com\/it\/#website"},"primaryImageOfPage":{"@id":"https:\/\/loftrunway.com\/it\/products\/preschool-air-jordan-1-mid-shattered-backboard\/#primaryimage"},"image":{"@id":"https:\/\/loftrunway.com\/it\/products\/preschool-air-jordan-1-mid-shattered-backboard\/#primaryimage"},"thumbnailUrl":"https:\/\/images.novelship.com\/product\/_preschool__air_jordan_1_mid__shattered_backboard__0_91638.jpeg","datePublished":"2026-03-22T05:50:51+00:00","dateModified":"2026-04-03T13:56:42+00:00","breadcrumb":{"@id":"https:\/\/loftrunway.com\/it\/products\/preschool-air-jordan-1-mid-shattered-backboard\/#breadcrumb"},"inLanguage":"it-IT","potentialAction":[{"@type":"ReadAction","target":["https:\/\/loftrunway.com\/it\/products\/preschool-air-jordan-1-mid-shattered-backboard\/"]}]},{"@type":"ImageObject","inLanguage":"it-IT","@id":"https:\/\/loftrunway.com\/it\/products\/preschool-air-jordan-1-mid-shattered-backboard\/#primaryimage","url":"https:\/\/images.novelship.com\/product\/_preschool__air_jordan_1_mid__shattered_backboard__0_91638.jpeg","contentUrl":"https:\/\/images.novelship.com\/product\/_preschool__air_jordan_1_mid__shattered_backboard__0_91638.jpeg"},{"@type":"BreadcrumbList","@id":"https:\/\/loftrunway.com\/it\/products\/preschool-air-jordan-1-mid-shattered-backboard\/#breadcrumb","itemListElement":[{"@type":"ListItem","position":1,"name":"Home","item":"https:\/\/loftrunway.com\/it\/"},{"@type":"ListItem","position":2,"name":"Shop","item":"https:\/\/itisrainvintage.com\/it\/shop\/"},{"@type":"ListItem","position":3,"name":"(Preschool) Air Jordan 1 Mid 'Shattered Backboard'"}]},{"@type":"WebSite","@id":"https:\/\/loftrunway.com\/it\/#website","url":"https:\/\/loftrunway.com\/it\/","name":"Styloral Jewelry Shop","description":"Der Ort, an dem man alle Arten von Sneakern findet","publisher":{"@id":"https:\/\/loftrunway.com\/it\/#organization"},"potentialAction":[{"@type":"SearchAction","target":{"@type":"EntryPoint","urlTemplate":"https:\/\/loftrunway.com\/it\/?s={search_term_string}"},"query-input":{"@type":"PropertyValueSpecification","valueRequired":true,"valueName":"search_term_string"}}],"inLanguage":"it-IT"},{"@type":"Organization","@id":"https:\/\/loftrunway.com\/it\/#organization","name":"STYLORAL PTE. LTD","url":"https:\/\/loftrunway.com\/it\/","logo":{"@type":"ImageObject","inLanguage":"it-IT","@id":"https:\/\/loftrunway.com\/it\/#\/schema\/logo\/image\/","url":"https:\/\/www.loftrunway.com\/wp-content\/uploads\/2025\/12\/logo.png","contentUrl":"https:\/\/www.loftrunway.com\/wp-content\/uploads\/2025\/12\/logo.png","width":200,"height":65,"caption":"STYLORAL PTE. LTD"},"image":{"@id":"https:\/\/loftrunway.com\/it\/#\/schema\/logo\/image\/"}}]}},"_links":{"self":[{"href":"https:\/\/loftrunway.com\/it\/wp-json\/wp\/v2\/product\/211426","targetHints":{"allow":["GET"]}}],"collection":[{"href":"https:\/\/loftrunway.com\/it\/wp-json\/wp\/v2\/product"}],"about":[{"href":"https:\/\/loftrunway.com\/it\/wp-json\/wp\/v2\/types\/product"}],"replies":[{"embeddable":true,"href":"https:\/\/loftrunway.com\/it\/wp-json\/wp\/v2\/comments?post=211426"}],"wp:featuredmedia":[{"embeddable":true,"href":"https:\/\/loftrunway.com\/it\/wp-json\/wp\/v2\/media\/211427"}],"wp:attachment":[{"href":"https:\/\/loftrunway.com\/it\/wp-json\/wp\/v2\/media?parent=211426"}],"wp:term":[{"taxonomy":"product_brand","embeddable":true,"href":"https:\/\/loftrunway.com\/it\/wp-json\/wp\/v2\/product_brand?post=211426"},{"taxonomy":"product_cat","embeddable":true,"href":"https:\/\/loftrunway.com\/it\/wp-json\/wp\/v2\/product_cat?post=211426"},{"taxonomy":"product_tag","embeddable":true,"href":"https:\/\/loftrunway.com\/it\/wp-json\/wp\/v2\/product_tag?post=211426"}],"curies":[{"name":"wp","href":"https:\/\/api.w.org\/{rel}","templated":true}]}}