{"id":23202,"date":"2026-02-25T18:54:56","date_gmt":"2026-02-25T11:54:56","guid":{"rendered":"http:\/\/loftrunway.com\/product\/adidas-adizero-prime-x-30-strung-white-black-lucid-red"},"modified":"2026-04-01T15:25:22","modified_gmt":"2026-04-01T08:25:22","slug":"adidas-adizero-prime-x-30-strung-white-black-lucid-red","status":"publish","type":"product","link":"https:\/\/loftrunway.com\/it\/products\/adidas-adizero-prime-x-30-strung-white-black-lucid-red\/","title":{"rendered":"Adidas Adizero Prime X 3.0 Strung &#8216;White Black Lucid Red&#8217;"},"content":{"rendered":"<p>Migliora la tua esperienza di corsa con le scarpe da running Adidas Adizero Prime X3 Strong. Progettate per le donne pi\u00f9 esigenti, queste scarpe offrono una tecnologia all&#8217;avanguardia per velocit\u00e0 e comfort senza pari. L&#8217;accattivante combinazione di colori Cloud White, Core Black e Lucid Red non solo \u00e8 fantastica, ma migliora anche la visibilit\u00e0. Leggera ma resistente, la scarpa offre un ritorno di energia ottimale grazie alla sua ammortizzazione avanzata, rendendo ogni passo senza sforzo. Sperimenta prestazioni eccezionali con le JR2597, progettate per chi conquista con sicurezza le piste di tutto il mondo. Combinazione di colori: Cloud White\/Core Black\/Lucid Red Codice articolo: JR2597 Materiale della tomaia: Strong Intersuola: Lightstrike Pro Colore: Bianco<\/p>\n","protected":false},"excerpt":{"rendered":"<p>adidas Adizero Prime X3 Strong \u2014 Bianco nuvola\/Nero\/Rosso lucido<\/p>\n","protected":false},"featured_media":23203,"comment_status":"open","ping_status":"closed","template":"","meta":[],"product_brand":[],"product_cat":[9215],"product_tag":[10471],"class_list":{"0":"post-23202","1":"product","2":"type-product","3":"status-publish","4":"has-post-thumbnail","6":"product_cat-adidas-2026","7":"product_tag-jr25976-5","8":"wcpa_has_options","10":"first","11":"instock","12":"taxable","13":"shipping-taxable","14":"purchasable","15":"product-type-simple"},"wcpa_form_fields":{"rules":{"pric_overide_base_price":false,"pric_overide_base_price_if_gt_zero":false,"pric_overide_base_price_fully":false,"pric_cal_option_once":false,"pric_use_as_fee":false,"bind_quantity":false,"quantity_bind_formula":false},"fields":[{"type":"color-group","required":true,"elementId":"wcpa-color-group-66c4a7f817afe","label":"Taglia - EU Taglia","inline":true,"priceOptions":"different_for_all","pricingType":"fixed","className":"hassizechart product-shoes-size-eu product-shoes-size","name":"color-group-66c4a7f817b18","disp_type":"square","selection_type":"tick-border","disp_size":"50","show_label_inside":true,"adjust_width":true,"cart_display_type":"text","other_text":"Other","cl_rule":"show","col":6,"values":[{"label":"35","value":"EU 35","price":"","pimage":"","pimage_id":"","pthumb":"","color":""},{"label":"35.5","value":"EU 35.5","price":"","pimage":"","pimage_id":"","pthumb":"","color":""},{"label":"36","value":"EU 36","price":"","pimage":"","pimage_id":"","pthumb":"","color":"","selected":true},{"label":"36 2\/3","value":"EU 36 2\/3","price":"","pimage":"","pimage_id":"","pthumb":"","color":""},{"label":"37 1\/3","value":"EU 37 1\/3","price":"","pimage":"","pimage_id":"","pthumb":"","color":""},{"label":"38","value":"EU 38","price":"","pimage":"","pimage_id":"","pthumb":"","color":""},{"label":"38 2\/3","value":"EU 38 2\/3","price":"","pimage":"","pimage_id":"","pthumb":"","color":""},{"label":"39 1\/3","value":"EU 39 1\/3","price":"","pimage":"","pimage_id":"","pthumb":"","color":""},{"label":"40","value":"EU 40","price":"","pimage":"","pimage_id":"","pthumb":"","color":""},{"label":"40 2\/3","value":"EU 40 2\/3","price":"","pimage":"","pimage_id":"","pthumb":"","color":""},{"label":"41 1\/3","value":"EU 41 1\/3","price":"","pimage":"","pimage_id":"","pthumb":"","color":""},{"label":"42","value":"EU 42","price":"","pimage":"","pimage_id":"","pthumb":"","color":""},{"label":"42 2\/3","value":"EU 42 2\/3","price":"","pimage":"","pimage_id":"","pthumb":"","color":""},{"label":"43 1\/3","value":"EU 43 1\/3","price":"","pimage":"","pimage_id":"","pthumb":"","color":""},{"label":"44","value":"EU 44","price":"","pimage":"","pimage_id":"","pthumb":"","color":""},{"label":"44 2\/3","value":"EU 44 2\/3","price":"","pimage":"","pimage_id":"","pthumb":"","color":""},{"label":"45 1\/3","value":"EU 45 1\/3","price":"","pimage":"","pimage_id":"","pthumb":"","color":""},{"label":"46","value":"EU 46","price":"","pimage":"","pimage_id":"","pthumb":"","color":""},{"label":"46 2\/3","value":"EU 46 2\/3","price":"","pimage":"","pimage_id":"","pthumb":"","color":""},{"label":"47 1\/3","value":"EU 47 1\/3","price":"","pimage":"","pimage_id":"","pthumb":"","color":""}],"relations":[{"operator":false,"rules":[]}],"form_id":24802,"form_rules":{"pric_cal_option_once":false,"exclude_from_discount":false,"pric_use_as_fee":false,"fee_label":"Fee","render_after_acb":false,"disp_hide_options_price":false}}]},"yoast_head":"<!-- This site is optimized with the Yoast SEO plugin v26.5 - https:\/\/yoast.com\/wordpress\/plugins\/seo\/ -->\n<title>Adidas Adizero Prime X 3.0 Strung &#039;White Black Lucid Red&#039; - Loftrunway<\/title>\n<meta name=\"robots\" content=\"index, follow, max-snippet:-1, max-image-preview:large, max-video-preview:-1\" \/>\n<link rel=\"canonical\" href=\"https:\/\/loftrunway.com\/it\/products\/adidas-adizero-prime-x-30-strung-white-black-lucid-red\/\" \/>\n<meta property=\"og:locale\" content=\"it_IT\" \/>\n<meta property=\"og:type\" content=\"article\" \/>\n<meta property=\"og:title\" content=\"Adidas Adizero Prime X 3.0 Strung &#039;White Black Lucid Red&#039; - Loftrunway\" \/>\n<meta property=\"og:description\" content=\"adidas Adizero Prime X3 Strong \u2014 Bianco nuvola\/Nero\/Rosso lucido\" \/>\n<meta property=\"og:url\" content=\"https:\/\/loftrunway.com\/it\/products\/adidas-adizero-prime-x-30-strung-white-black-lucid-red\/\" \/>\n<meta property=\"og:site_name\" content=\"loftRUN Sneaker Store\" \/>\n<meta property=\"article:modified_time\" content=\"2026-04-01T08:25:22+00:00\" \/>\n<meta name=\"twitter:card\" content=\"summary_large_image\" \/>\n<meta name=\"twitter:image\" content=\"https:\/\/images.novelship.com\/product\/_women__adidas_adizero_prime_x3_strong_running_sho_0_75361.jpeg\" \/>\n<meta name=\"twitter:label1\" content=\"Tempo di lettura stimato\" \/>\n\t<meta name=\"twitter:data1\" content=\"1 minuto\" \/>\n<script type=\"application\/ld+json\" class=\"yoast-schema-graph\">{\"@context\":\"https:\/\/schema.org\",\"@graph\":[{\"@type\":\"WebPage\",\"@id\":\"https:\/\/loftrunway.com\/it\/products\/adidas-adizero-prime-x-30-strung-white-black-lucid-red\/\",\"url\":\"https:\/\/loftrunway.com\/it\/products\/adidas-adizero-prime-x-30-strung-white-black-lucid-red\/\",\"name\":\"Adidas Adizero Prime X 3.0 Strung 'White Black Lucid Red' - Loftrunway\",\"isPartOf\":{\"@id\":\"https:\/\/loftrunway.com\/it\/#website\"},\"primaryImageOfPage\":{\"@id\":\"https:\/\/loftrunway.com\/it\/products\/adidas-adizero-prime-x-30-strung-white-black-lucid-red\/#primaryimage\"},\"image\":{\"@id\":\"https:\/\/loftrunway.com\/it\/products\/adidas-adizero-prime-x-30-strung-white-black-lucid-red\/#primaryimage\"},\"thumbnailUrl\":\"https:\/\/images.novelship.com\/product\/_women__adidas_adizero_prime_x3_strong_running_sho_0_75361.jpeg\",\"datePublished\":\"2026-02-25T11:54:56+00:00\",\"dateModified\":\"2026-04-01T08:25:22+00:00\",\"breadcrumb\":{\"@id\":\"https:\/\/loftrunway.com\/it\/products\/adidas-adizero-prime-x-30-strung-white-black-lucid-red\/#breadcrumb\"},\"inLanguage\":\"it-IT\",\"potentialAction\":[{\"@type\":\"ReadAction\",\"target\":[\"https:\/\/loftrunway.com\/it\/products\/adidas-adizero-prime-x-30-strung-white-black-lucid-red\/\"]}]},{\"@type\":\"ImageObject\",\"inLanguage\":\"it-IT\",\"@id\":\"https:\/\/loftrunway.com\/it\/products\/adidas-adizero-prime-x-30-strung-white-black-lucid-red\/#primaryimage\",\"url\":\"https:\/\/images.novelship.com\/product\/_women__adidas_adizero_prime_x3_strong_running_sho_0_75361.jpeg\",\"contentUrl\":\"https:\/\/images.novelship.com\/product\/_women__adidas_adizero_prime_x3_strong_running_sho_0_75361.jpeg\"},{\"@type\":\"BreadcrumbList\",\"@id\":\"https:\/\/loftrunway.com\/it\/products\/adidas-adizero-prime-x-30-strung-white-black-lucid-red\/#breadcrumb\",\"itemListElement\":[{\"@type\":\"ListItem\",\"position\":1,\"name\":\"Home\",\"item\":\"https:\/\/loftrunway.com\/it\/\"},{\"@type\":\"ListItem\",\"position\":2,\"name\":\"Shop\",\"item\":\"https:\/\/itisrainvintage.com\/it\/shop\/\"},{\"@type\":\"ListItem\",\"position\":3,\"name\":\"Adidas Adizero Prime X 3.0 Strung &#8216;White Black Lucid Red&#8217;\"}]},{\"@type\":\"WebSite\",\"@id\":\"https:\/\/loftrunway.com\/it\/#website\",\"url\":\"https:\/\/loftrunway.com\/it\/\",\"name\":\"Styloral Jewelry Shop\",\"description\":\"Der Ort, an dem man alle Arten von Sneakern findet\",\"publisher\":{\"@id\":\"https:\/\/loftrunway.com\/it\/#organization\"},\"potentialAction\":[{\"@type\":\"SearchAction\",\"target\":{\"@type\":\"EntryPoint\",\"urlTemplate\":\"https:\/\/loftrunway.com\/it\/?s={search_term_string}\"},\"query-input\":{\"@type\":\"PropertyValueSpecification\",\"valueRequired\":true,\"valueName\":\"search_term_string\"}}],\"inLanguage\":\"it-IT\"},{\"@type\":\"Organization\",\"@id\":\"https:\/\/loftrunway.com\/it\/#organization\",\"name\":\"STYLORAL PTE. LTD\",\"url\":\"https:\/\/loftrunway.com\/it\/\",\"logo\":{\"@type\":\"ImageObject\",\"inLanguage\":\"it-IT\",\"@id\":\"https:\/\/loftrunway.com\/it\/#\/schema\/logo\/image\/\",\"url\":\"https:\/\/www.loftrunway.com\/wp-content\/uploads\/2025\/12\/logo.png\",\"contentUrl\":\"https:\/\/www.loftrunway.com\/wp-content\/uploads\/2025\/12\/logo.png\",\"width\":200,\"height\":65,\"caption\":\"STYLORAL PTE. LTD\"},\"image\":{\"@id\":\"https:\/\/loftrunway.com\/it\/#\/schema\/logo\/image\/\"}}]}<\/script>\n<!-- \/ Yoast SEO plugin. -->","yoast_head_json":{"title":"Adidas Adizero Prime X 3.0 Strung 'White Black Lucid Red' - Loftrunway","robots":{"index":"index","follow":"follow","max-snippet":"max-snippet:-1","max-image-preview":"max-image-preview:large","max-video-preview":"max-video-preview:-1"},"canonical":"https:\/\/loftrunway.com\/it\/products\/adidas-adizero-prime-x-30-strung-white-black-lucid-red\/","og_locale":"it_IT","og_type":"article","og_title":"Adidas Adizero Prime X 3.0 Strung 'White Black Lucid Red' - Loftrunway","og_description":"adidas Adizero Prime X3 Strong \u2014 Bianco nuvola\/Nero\/Rosso lucido","og_url":"https:\/\/loftrunway.com\/it\/products\/adidas-adizero-prime-x-30-strung-white-black-lucid-red\/","og_site_name":"loftRUN Sneaker Store","article_modified_time":"2026-04-01T08:25:22+00:00","twitter_card":"summary_large_image","twitter_image":"https:\/\/images.novelship.com\/product\/_women__adidas_adizero_prime_x3_strong_running_sho_0_75361.jpeg","twitter_misc":{"Tempo di lettura stimato":"1 minuto"},"schema":{"@context":"https:\/\/schema.org","@graph":[{"@type":"WebPage","@id":"https:\/\/loftrunway.com\/it\/products\/adidas-adizero-prime-x-30-strung-white-black-lucid-red\/","url":"https:\/\/loftrunway.com\/it\/products\/adidas-adizero-prime-x-30-strung-white-black-lucid-red\/","name":"Adidas Adizero Prime X 3.0 Strung 'White Black Lucid Red' - Loftrunway","isPartOf":{"@id":"https:\/\/loftrunway.com\/it\/#website"},"primaryImageOfPage":{"@id":"https:\/\/loftrunway.com\/it\/products\/adidas-adizero-prime-x-30-strung-white-black-lucid-red\/#primaryimage"},"image":{"@id":"https:\/\/loftrunway.com\/it\/products\/adidas-adizero-prime-x-30-strung-white-black-lucid-red\/#primaryimage"},"thumbnailUrl":"https:\/\/images.novelship.com\/product\/_women__adidas_adizero_prime_x3_strong_running_sho_0_75361.jpeg","datePublished":"2026-02-25T11:54:56+00:00","dateModified":"2026-04-01T08:25:22+00:00","breadcrumb":{"@id":"https:\/\/loftrunway.com\/it\/products\/adidas-adizero-prime-x-30-strung-white-black-lucid-red\/#breadcrumb"},"inLanguage":"it-IT","potentialAction":[{"@type":"ReadAction","target":["https:\/\/loftrunway.com\/it\/products\/adidas-adizero-prime-x-30-strung-white-black-lucid-red\/"]}]},{"@type":"ImageObject","inLanguage":"it-IT","@id":"https:\/\/loftrunway.com\/it\/products\/adidas-adizero-prime-x-30-strung-white-black-lucid-red\/#primaryimage","url":"https:\/\/images.novelship.com\/product\/_women__adidas_adizero_prime_x3_strong_running_sho_0_75361.jpeg","contentUrl":"https:\/\/images.novelship.com\/product\/_women__adidas_adizero_prime_x3_strong_running_sho_0_75361.jpeg"},{"@type":"BreadcrumbList","@id":"https:\/\/loftrunway.com\/it\/products\/adidas-adizero-prime-x-30-strung-white-black-lucid-red\/#breadcrumb","itemListElement":[{"@type":"ListItem","position":1,"name":"Home","item":"https:\/\/loftrunway.com\/it\/"},{"@type":"ListItem","position":2,"name":"Shop","item":"https:\/\/itisrainvintage.com\/it\/shop\/"},{"@type":"ListItem","position":3,"name":"Adidas Adizero Prime X 3.0 Strung &#8216;White Black Lucid Red&#8217;"}]},{"@type":"WebSite","@id":"https:\/\/loftrunway.com\/it\/#website","url":"https:\/\/loftrunway.com\/it\/","name":"Styloral Jewelry Shop","description":"Der Ort, an dem man alle Arten von Sneakern findet","publisher":{"@id":"https:\/\/loftrunway.com\/it\/#organization"},"potentialAction":[{"@type":"SearchAction","target":{"@type":"EntryPoint","urlTemplate":"https:\/\/loftrunway.com\/it\/?s={search_term_string}"},"query-input":{"@type":"PropertyValueSpecification","valueRequired":true,"valueName":"search_term_string"}}],"inLanguage":"it-IT"},{"@type":"Organization","@id":"https:\/\/loftrunway.com\/it\/#organization","name":"STYLORAL PTE. LTD","url":"https:\/\/loftrunway.com\/it\/","logo":{"@type":"ImageObject","inLanguage":"it-IT","@id":"https:\/\/loftrunway.com\/it\/#\/schema\/logo\/image\/","url":"https:\/\/www.loftrunway.com\/wp-content\/uploads\/2025\/12\/logo.png","contentUrl":"https:\/\/www.loftrunway.com\/wp-content\/uploads\/2025\/12\/logo.png","width":200,"height":65,"caption":"STYLORAL PTE. LTD"},"image":{"@id":"https:\/\/loftrunway.com\/it\/#\/schema\/logo\/image\/"}}]}},"_links":{"self":[{"href":"https:\/\/loftrunway.com\/it\/wp-json\/wp\/v2\/product\/23202","targetHints":{"allow":["GET"]}}],"collection":[{"href":"https:\/\/loftrunway.com\/it\/wp-json\/wp\/v2\/product"}],"about":[{"href":"https:\/\/loftrunway.com\/it\/wp-json\/wp\/v2\/types\/product"}],"replies":[{"embeddable":true,"href":"https:\/\/loftrunway.com\/it\/wp-json\/wp\/v2\/comments?post=23202"}],"wp:featuredmedia":[{"embeddable":true,"href":"https:\/\/loftrunway.com\/it\/wp-json\/wp\/v2\/media\/23203"}],"wp:attachment":[{"href":"https:\/\/loftrunway.com\/it\/wp-json\/wp\/v2\/media?parent=23202"}],"wp:term":[{"taxonomy":"product_brand","embeddable":true,"href":"https:\/\/loftrunway.com\/it\/wp-json\/wp\/v2\/product_brand?post=23202"},{"taxonomy":"product_cat","embeddable":true,"href":"https:\/\/loftrunway.com\/it\/wp-json\/wp\/v2\/product_cat?post=23202"},{"taxonomy":"product_tag","embeddable":true,"href":"https:\/\/loftrunway.com\/it\/wp-json\/wp\/v2\/product_tag?post=23202"}],"curies":[{"name":"wp","href":"https:\/\/api.w.org\/{rel}","templated":true}]}}