{"id":25413,"date":"2026-03-02T14:33:00","date_gmt":"2026-03-02T07:33:00","guid":{"rendered":"http:\/\/loftrunway.com\/product\/asics-sky-elite-ff-3-volleyball-shoes-whitedragon-fruit"},"modified":"2026-04-03T20:36:00","modified_gmt":"2026-04-03T13:36:00","slug":"asics-sky-elite-ff-3-volleyball-shoes-whitedragon-fruit","status":"publish","type":"product","link":"https:\/\/loftrunway.com\/it\/products\/asics-sky-elite-ff-3-volleyball-shoes-whitedragon-fruit\/","title":{"rendered":"Asics SKY ELITE FF 3 Volleyball Shoes White\/Dragon Fruit"},"content":{"rendered":"<p>Domina il campo con le scarpe da pallavolo Asics SKY ELITE FF 3 in bianco\/frutto del drago. Progettate per prestazioni superiori, queste scarpe sono dotate dell&#8217;avanzata tecnologia FlyteFoam per un&#8217;ammortizzazione reattiva e un supporto eccezionale. L&#8217;innovativo sistema TWISTRUSS migliora l&#8217;agilit\u00e0 e la stabilit\u00e0, consentendo movimenti rapidi e transizioni fluide. Con il loro design elegante, offrono stile e funzionalit\u00e0. Ideali per i giocatori ambiziosi che cercano il massimo comfort e aderenza, queste scarpe porteranno il tuo gioco a un livello superiore. Stupisci i tuoi avversari con abilit\u00e0 e velocit\u00e0 con le SKY ELITE FF 3. Combinazione di colori: Bianco\/Frutto del drago Codice articolo: 1053A081-100 Colore: Bianco<\/p>\n","protected":false},"excerpt":{"rendered":"<p>ASICS SKY ELITE FF 3 \u201d\u201d Bianco\/Frutto del Drago<\/p>\n","protected":false},"featured_media":25414,"comment_status":"open","ping_status":"closed","template":"","meta":[],"product_brand":[],"product_cat":[10792],"product_tag":[10791,10751,10911,10802,10912],"class_list":{"0":"post-25413","1":"product","2":"type-product","3":"status-publish","4":"has-post-thumbnail","6":"product_cat-asics","7":"product_tag-asics","8":"product_tag-best-seller","9":"product_tag-indoor-court-shoes","10":"product_tag-performance-sport-shoes","11":"product_tag-volleyball-shoes","12":"wcpa_has_options","14":"first","15":"instock","16":"taxable","17":"shipping-taxable","18":"purchasable","19":"product-type-simple"},"wcpa_form_fields":{"rules":{"pric_overide_base_price":false,"pric_overide_base_price_if_gt_zero":false,"pric_overide_base_price_fully":false,"pric_cal_option_once":false,"pric_use_as_fee":false,"bind_quantity":false,"quantity_bind_formula":false},"fields":[{"type":"color-group","required":true,"elementId":"wcpa-color-group-69a5ab08ee12d","label":"Taglia - EU Taglia","inline":true,"priceOptions":"different_for_all","pricingType":"fixed","className":"hassizechart product-shoes-size-eu product-shoes-size","name":"color-group-69a5ab08ee136","disp_type":"square","selection_type":"tick-border","disp_size":"50","show_label_inside":true,"adjust_width":true,"cart_display_type":"text","other_text":"Other","cl_rule":"show","col":6,"values":[{"label":"36","value":"EU 36","price":"","pimage":"","pimage_id":"","pthumb":"","color":"","selected":true},{"label":"37","value":"EU 37","price":"","pimage":"","pimage_id":"","pthumb":"","color":""},{"label":"37.5","value":"EU 37.5","price":"","pimage":"","pimage_id":"","pthumb":"","color":""},{"label":"38","value":"EU 38","price":"","pimage":"","pimage_id":"","pthumb":"","color":""},{"label":"38.5","value":"EU 38.5","price":"","pimage":"","pimage_id":"","pthumb":"","color":""},{"label":"39","value":"EU 39","price":"","pimage":"","pimage_id":"","pthumb":"","color":""},{"label":"39.5","value":"EU 39.5","price":"","pimage":"","pimage_id":"","pthumb":"","color":""},{"label":"40","value":"EU 40","price":"","pimage":"","pimage_id":"","pthumb":"","color":""},{"label":"40.5","value":"EU 40.5","price":"","pimage":"","pimage_id":"","pthumb":"","color":""},{"label":" 41.5","value":"EU 41.5","price":"","pimage":"","pimage_id":"","pthumb":"","color":""},{"label":"42","value":"EU 42","price":"","pimage":"","pimage_id":"","pthumb":"","color":""},{"label":"42.5","value":"EU 42.5","price":"","pimage":"","pimage_id":"","pthumb":"","color":""},{"label":"43.5","value":"EU 43.5","price":"","pimage":"","pimage_id":"","pthumb":"","color":""},{"label":"44","value":"EU 44","price":"","pimage":"","pimage_id":"","pthumb":"","color":""},{"label":"44.5","value":"EU 44.5","price":"","pimage":"","pimage_id":"","pthumb":"","color":""},{"label":"45","value":"EU 45","price":"","pimage":"","pimage_id":"","pthumb":"","color":""}],"relations":[{"operator":false,"rules":[]}],"form_id":184311,"form_rules":{"pric_cal_option_once":false,"exclude_from_discount":false,"pric_use_as_fee":false,"fee_label":"Fee","render_after_acb":false,"disp_hide_options_price":false}}]},"yoast_head":"<!-- This site is optimized with the Yoast SEO plugin v26.5 - https:\/\/yoast.com\/wordpress\/plugins\/seo\/ -->\n<title>Asics SKY ELITE FF 3 Volleyball Shoes White\/Dragon Fruit - Loftrunway<\/title>\n<meta name=\"robots\" content=\"index, follow, max-snippet:-1, max-image-preview:large, max-video-preview:-1\" \/>\n<link rel=\"canonical\" href=\"https:\/\/loftrunway.com\/it\/products\/asics-sky-elite-ff-3-volleyball-shoes-whitedragon-fruit\/\" \/>\n<meta property=\"og:locale\" content=\"it_IT\" \/>\n<meta property=\"og:type\" content=\"article\" \/>\n<meta property=\"og:title\" content=\"Asics SKY ELITE FF 3 Volleyball Shoes White\/Dragon Fruit - Loftrunway\" \/>\n<meta property=\"og:description\" content=\"ASICS SKY ELITE FF 3 \u201d\u201d Bianco\/Frutto del Drago\" \/>\n<meta property=\"og:url\" content=\"https:\/\/loftrunway.com\/it\/products\/asics-sky-elite-ff-3-volleyball-shoes-whitedragon-fruit\/\" \/>\n<meta property=\"og:site_name\" content=\"loftRUN Sneaker Store\" \/>\n<meta property=\"article:modified_time\" content=\"2026-04-03T13:36:00+00:00\" \/>\n<meta name=\"twitter:card\" content=\"summary_large_image\" \/>\n<meta name=\"twitter:image\" content=\"https:\/\/images.novelship.com\/product\/asics_sky_elite_ff_3_volleyball_shoes_white_dragon_0_34155.jpeg\" \/>\n<meta name=\"twitter:label1\" content=\"Tempo di lettura stimato\" \/>\n\t<meta name=\"twitter:data1\" content=\"1 minuto\" \/>\n<script type=\"application\/ld+json\" class=\"yoast-schema-graph\">{\"@context\":\"https:\/\/schema.org\",\"@graph\":[{\"@type\":\"WebPage\",\"@id\":\"https:\/\/loftrunway.com\/it\/products\/asics-sky-elite-ff-3-volleyball-shoes-whitedragon-fruit\/\",\"url\":\"https:\/\/loftrunway.com\/it\/products\/asics-sky-elite-ff-3-volleyball-shoes-whitedragon-fruit\/\",\"name\":\"Asics SKY ELITE FF 3 Volleyball Shoes White\/Dragon Fruit - Loftrunway\",\"isPartOf\":{\"@id\":\"https:\/\/loftrunway.com\/it\/#website\"},\"primaryImageOfPage\":{\"@id\":\"https:\/\/loftrunway.com\/it\/products\/asics-sky-elite-ff-3-volleyball-shoes-whitedragon-fruit\/#primaryimage\"},\"image\":{\"@id\":\"https:\/\/loftrunway.com\/it\/products\/asics-sky-elite-ff-3-volleyball-shoes-whitedragon-fruit\/#primaryimage\"},\"thumbnailUrl\":\"https:\/\/images.novelship.com\/product\/asics_sky_elite_ff_3_volleyball_shoes_white_dragon_0_34155.jpeg\",\"datePublished\":\"2026-03-02T07:33:00+00:00\",\"dateModified\":\"2026-04-03T13:36:00+00:00\",\"breadcrumb\":{\"@id\":\"https:\/\/loftrunway.com\/it\/products\/asics-sky-elite-ff-3-volleyball-shoes-whitedragon-fruit\/#breadcrumb\"},\"inLanguage\":\"it-IT\",\"potentialAction\":[{\"@type\":\"ReadAction\",\"target\":[\"https:\/\/loftrunway.com\/it\/products\/asics-sky-elite-ff-3-volleyball-shoes-whitedragon-fruit\/\"]}]},{\"@type\":\"ImageObject\",\"inLanguage\":\"it-IT\",\"@id\":\"https:\/\/loftrunway.com\/it\/products\/asics-sky-elite-ff-3-volleyball-shoes-whitedragon-fruit\/#primaryimage\",\"url\":\"https:\/\/images.novelship.com\/product\/asics_sky_elite_ff_3_volleyball_shoes_white_dragon_0_34155.jpeg\",\"contentUrl\":\"https:\/\/images.novelship.com\/product\/asics_sky_elite_ff_3_volleyball_shoes_white_dragon_0_34155.jpeg\"},{\"@type\":\"BreadcrumbList\",\"@id\":\"https:\/\/loftrunway.com\/it\/products\/asics-sky-elite-ff-3-volleyball-shoes-whitedragon-fruit\/#breadcrumb\",\"itemListElement\":[{\"@type\":\"ListItem\",\"position\":1,\"name\":\"Home\",\"item\":\"https:\/\/loftrunway.com\/it\/\"},{\"@type\":\"ListItem\",\"position\":2,\"name\":\"Shop\",\"item\":\"https:\/\/itisrainvintage.com\/it\/shop\/\"},{\"@type\":\"ListItem\",\"position\":3,\"name\":\"Asics SKY ELITE FF 3 Volleyball Shoes White\/Dragon Fruit\"}]},{\"@type\":\"WebSite\",\"@id\":\"https:\/\/loftrunway.com\/it\/#website\",\"url\":\"https:\/\/loftrunway.com\/it\/\",\"name\":\"Styloral Jewelry Shop\",\"description\":\"Der Ort, an dem man alle Arten von Sneakern findet\",\"publisher\":{\"@id\":\"https:\/\/loftrunway.com\/it\/#organization\"},\"potentialAction\":[{\"@type\":\"SearchAction\",\"target\":{\"@type\":\"EntryPoint\",\"urlTemplate\":\"https:\/\/loftrunway.com\/it\/?s={search_term_string}\"},\"query-input\":{\"@type\":\"PropertyValueSpecification\",\"valueRequired\":true,\"valueName\":\"search_term_string\"}}],\"inLanguage\":\"it-IT\"},{\"@type\":\"Organization\",\"@id\":\"https:\/\/loftrunway.com\/it\/#organization\",\"name\":\"STYLORAL PTE. LTD\",\"url\":\"https:\/\/loftrunway.com\/it\/\",\"logo\":{\"@type\":\"ImageObject\",\"inLanguage\":\"it-IT\",\"@id\":\"https:\/\/loftrunway.com\/it\/#\/schema\/logo\/image\/\",\"url\":\"https:\/\/www.loftrunway.com\/wp-content\/uploads\/2025\/12\/logo.png\",\"contentUrl\":\"https:\/\/www.loftrunway.com\/wp-content\/uploads\/2025\/12\/logo.png\",\"width\":200,\"height\":65,\"caption\":\"STYLORAL PTE. LTD\"},\"image\":{\"@id\":\"https:\/\/loftrunway.com\/it\/#\/schema\/logo\/image\/\"}}]}<\/script>\n<!-- \/ Yoast SEO plugin. -->","yoast_head_json":{"title":"Asics SKY ELITE FF 3 Volleyball Shoes White\/Dragon Fruit - Loftrunway","robots":{"index":"index","follow":"follow","max-snippet":"max-snippet:-1","max-image-preview":"max-image-preview:large","max-video-preview":"max-video-preview:-1"},"canonical":"https:\/\/loftrunway.com\/it\/products\/asics-sky-elite-ff-3-volleyball-shoes-whitedragon-fruit\/","og_locale":"it_IT","og_type":"article","og_title":"Asics SKY ELITE FF 3 Volleyball Shoes White\/Dragon Fruit - Loftrunway","og_description":"ASICS SKY ELITE FF 3 \u201d\u201d Bianco\/Frutto del Drago","og_url":"https:\/\/loftrunway.com\/it\/products\/asics-sky-elite-ff-3-volleyball-shoes-whitedragon-fruit\/","og_site_name":"loftRUN Sneaker Store","article_modified_time":"2026-04-03T13:36:00+00:00","twitter_card":"summary_large_image","twitter_image":"https:\/\/images.novelship.com\/product\/asics_sky_elite_ff_3_volleyball_shoes_white_dragon_0_34155.jpeg","twitter_misc":{"Tempo di lettura stimato":"1 minuto"},"schema":{"@context":"https:\/\/schema.org","@graph":[{"@type":"WebPage","@id":"https:\/\/loftrunway.com\/it\/products\/asics-sky-elite-ff-3-volleyball-shoes-whitedragon-fruit\/","url":"https:\/\/loftrunway.com\/it\/products\/asics-sky-elite-ff-3-volleyball-shoes-whitedragon-fruit\/","name":"Asics SKY ELITE FF 3 Volleyball Shoes White\/Dragon Fruit - Loftrunway","isPartOf":{"@id":"https:\/\/loftrunway.com\/it\/#website"},"primaryImageOfPage":{"@id":"https:\/\/loftrunway.com\/it\/products\/asics-sky-elite-ff-3-volleyball-shoes-whitedragon-fruit\/#primaryimage"},"image":{"@id":"https:\/\/loftrunway.com\/it\/products\/asics-sky-elite-ff-3-volleyball-shoes-whitedragon-fruit\/#primaryimage"},"thumbnailUrl":"https:\/\/images.novelship.com\/product\/asics_sky_elite_ff_3_volleyball_shoes_white_dragon_0_34155.jpeg","datePublished":"2026-03-02T07:33:00+00:00","dateModified":"2026-04-03T13:36:00+00:00","breadcrumb":{"@id":"https:\/\/loftrunway.com\/it\/products\/asics-sky-elite-ff-3-volleyball-shoes-whitedragon-fruit\/#breadcrumb"},"inLanguage":"it-IT","potentialAction":[{"@type":"ReadAction","target":["https:\/\/loftrunway.com\/it\/products\/asics-sky-elite-ff-3-volleyball-shoes-whitedragon-fruit\/"]}]},{"@type":"ImageObject","inLanguage":"it-IT","@id":"https:\/\/loftrunway.com\/it\/products\/asics-sky-elite-ff-3-volleyball-shoes-whitedragon-fruit\/#primaryimage","url":"https:\/\/images.novelship.com\/product\/asics_sky_elite_ff_3_volleyball_shoes_white_dragon_0_34155.jpeg","contentUrl":"https:\/\/images.novelship.com\/product\/asics_sky_elite_ff_3_volleyball_shoes_white_dragon_0_34155.jpeg"},{"@type":"BreadcrumbList","@id":"https:\/\/loftrunway.com\/it\/products\/asics-sky-elite-ff-3-volleyball-shoes-whitedragon-fruit\/#breadcrumb","itemListElement":[{"@type":"ListItem","position":1,"name":"Home","item":"https:\/\/loftrunway.com\/it\/"},{"@type":"ListItem","position":2,"name":"Shop","item":"https:\/\/itisrainvintage.com\/it\/shop\/"},{"@type":"ListItem","position":3,"name":"Asics SKY ELITE FF 3 Volleyball Shoes White\/Dragon Fruit"}]},{"@type":"WebSite","@id":"https:\/\/loftrunway.com\/it\/#website","url":"https:\/\/loftrunway.com\/it\/","name":"Styloral Jewelry Shop","description":"Der Ort, an dem man alle Arten von Sneakern findet","publisher":{"@id":"https:\/\/loftrunway.com\/it\/#organization"},"potentialAction":[{"@type":"SearchAction","target":{"@type":"EntryPoint","urlTemplate":"https:\/\/loftrunway.com\/it\/?s={search_term_string}"},"query-input":{"@type":"PropertyValueSpecification","valueRequired":true,"valueName":"search_term_string"}}],"inLanguage":"it-IT"},{"@type":"Organization","@id":"https:\/\/loftrunway.com\/it\/#organization","name":"STYLORAL PTE. LTD","url":"https:\/\/loftrunway.com\/it\/","logo":{"@type":"ImageObject","inLanguage":"it-IT","@id":"https:\/\/loftrunway.com\/it\/#\/schema\/logo\/image\/","url":"https:\/\/www.loftrunway.com\/wp-content\/uploads\/2025\/12\/logo.png","contentUrl":"https:\/\/www.loftrunway.com\/wp-content\/uploads\/2025\/12\/logo.png","width":200,"height":65,"caption":"STYLORAL PTE. LTD"},"image":{"@id":"https:\/\/loftrunway.com\/it\/#\/schema\/logo\/image\/"}}]}},"_links":{"self":[{"href":"https:\/\/loftrunway.com\/it\/wp-json\/wp\/v2\/product\/25413","targetHints":{"allow":["GET"]}}],"collection":[{"href":"https:\/\/loftrunway.com\/it\/wp-json\/wp\/v2\/product"}],"about":[{"href":"https:\/\/loftrunway.com\/it\/wp-json\/wp\/v2\/types\/product"}],"replies":[{"embeddable":true,"href":"https:\/\/loftrunway.com\/it\/wp-json\/wp\/v2\/comments?post=25413"}],"wp:featuredmedia":[{"embeddable":true,"href":"https:\/\/loftrunway.com\/it\/wp-json\/wp\/v2\/media\/25414"}],"wp:attachment":[{"href":"https:\/\/loftrunway.com\/it\/wp-json\/wp\/v2\/media?parent=25413"}],"wp:term":[{"taxonomy":"product_brand","embeddable":true,"href":"https:\/\/loftrunway.com\/it\/wp-json\/wp\/v2\/product_brand?post=25413"},{"taxonomy":"product_cat","embeddable":true,"href":"https:\/\/loftrunway.com\/it\/wp-json\/wp\/v2\/product_cat?post=25413"},{"taxonomy":"product_tag","embeddable":true,"href":"https:\/\/loftrunway.com\/it\/wp-json\/wp\/v2\/product_tag?post=25413"}],"curies":[{"name":"wp","href":"https:\/\/api.w.org\/{rel}","templated":true}]}}